{"id":10970,"date":"2018-11-03T07:51:25","date_gmt":"2018-11-03T07:51:25","guid":{"rendered":"https:\/\/www.doorarreda.it\/non%20class\u00e9\/porta-luce-lv20-scorrevole-esterna-larice-antico-vetro-satin-bronze\/"},"modified":"2020-10-23T10:28:04","modified_gmt":"2020-10-23T10:28:04","slug":"porte-luce-lv20-coulissante-en-applique-meleze-antique-avec-verre-satin-bronze","status":"publish","type":"product","link":"https:\/\/www.doorarreda.it\/fr\/collections\/luce-fr\/porte-luce-lv20-coulissante-en-applique-meleze-antique-avec-verre-satin-bronze\/","title":{"rendered":"Porte Luce LV20 coulissante en applique M\u00e9l\u00e8ze antique avec verre satin bronze"},"content":{"rendered":"","protected":false},"excerpt":{"rendered":"<p>Porte Luce LV20 coulissante en applique M\u00e9l\u00e8ze antique avec verre satin bronze<\/p>\n","protected":false},"featured_media":4987,"template":"","meta":{"_acf_changed":false,"inline_featured_image":false},"product_brand":[],"product_cat":[288],"product_tag":[],"class_list":{"0":"post-10970","1":"product","2":"type-product","3":"status-publish","4":"has-post-thumbnail","6":"product_cat-luce-fr","7":"telaiocerniera-charniere","8":"telaiocerniera-charniere-a-pivot","9":"telaiocerniera-charniere-a-pivot-invisible","10":"telaiocerniera-huisserie","11":"telaiocerniera-huisserie-affleurante","12":"telaiocerniera-huisserie-top","13":"telaiocerniera-huisserie-trend","14":"telaiocerniera-huisserie-trend-s","15":"finitura-acero-perla-fr","16":"finitura-bianco-da-fr","17":"finitura-bianco-spazzolato-fr","18":"finitura-blanc","19":"finitura-bois","20":"finitura-brillant-avorio","21":"finitura-brillant-bianco","22":"finitura-brillant-canapa","23":"finitura-brillant-cocoa","24":"finitura-brillant-corda","25":"finitura-lucido-ral-fr","26":"finitura-bronze-float-fr","27":"finitura-bronze-reflex-fr","28":"finitura-bubble-fr","29":"finitura-capriccio-fr","30":"finitura-casablanca-fr","31":"finitura-casablanca-con-fascia-fr","32":"finitura-cedro-bianco-fr","33":"finitura-cedro-laccato-sable-avorio-fr","34":"finitura-cedro-laccato-sable-bianco-fr","35":"finitura-cedro-laccato-sable-canapa-fr","36":"finitura-cedro-laccato-sable-cocoa-fr","37":"finitura-cedro-laccato-sable-corda-fr","38":"finitura-cedro-laccato-sable-standard-e-ral-fr","39":"finitura-cros-fr","40":"finitura-dug-44-fr","41":"finitura-dune-fr","42":"finitura-ethno-fr","43":"finitura-fire-fr","44":"finitura-fire-3d-fr","45":"finitura-float-bronze-con-tessuto-fr","46":"finitura-float-grey-con-tessuto-fr","47":"finitura-float-neutral-fr","48":"finitura-float-neutral-con-tessuto-fr","49":"finitura-float-ral-fr","50":"finitura-four-fr","51":"finitura-frassino-bianco-fr","52":"finitura-frassino-grigio-fr","53":"finitura-graphite-28-fr","54":"finitura-grey-float-fr","55":"finitura-grey-reflex-fr","56":"finitura-grigio-spazzolato-fr","57":"finitura-kitchen-fr","58":"finitura-krepa-fr","59":"finitura-laques","60":"finitura-larice-antico-fr","61":"finitura-lignes-fr","62":"finitura-line-fr","63":"finitura-mid-3d-fr","64":"finitura-millerighe-fr","65":"finitura-mitika-fr","66":"finitura-nuvola-02-fr","67":"finitura-olmo-cenere-fr","68":"finitura-olmo-sabbia-fr","69":"finitura-olmo-tortora-fr","70":"finitura-one-fr","71":"finitura-ottagoni-4-file-fr","72":"finitura-peintures","73":"finitura-perla-22-fr","74":"finitura-plus-fr","75":"finitura-profil-de-porte-aluminium","76":"finitura-profil-de-porte-blanc","77":"finitura-profil-de-porte-laque","78":"finitura-profil-de-porte-moka","79":"finitura-profils-porte","80":"finitura-righe-fr","81":"finitura-rock-fr","82":"finitura-sable-avorio-fr","83":"finitura-sable-bianco-fr","84":"finitura-sable-canapa-fr","85":"finitura-sable-cocoa-fr","86":"finitura-sable-corda-fr","87":"finitura-sable-ral-fr","88":"finitura-satin-bronze-fr","89":"finitura-satin-grey-fr","90":"finitura-satin-neutral-fr","91":"finitura-satin-white-fr","92":"finitura-square-fr","93":"finitura-tafeta-blanc","94":"finitura-tafeta-grigio-fr","95":"finitura-tafeta-marrone-fr","96":"finitura-tafeta-nero-fr","97":"finitura-texture-45-fr","98":"finitura-texture-sable-avorio-fr","99":"finitura-texture-sable-bianco-fr","100":"finitura-texture-sable-canapa-fr","101":"finitura-texture-sable-cocoa-fr","102":"finitura-texture-sable-corda-fr","103":"finitura-texture-sable-ral-fr","104":"finitura-tortora-07-fr","105":"finitura-verres-da","106":"finitura-verres-decor-fabric","107":"finitura-verres-decor-sable","108":"finitura-vr11-fr","109":"finitura-vr12-fr","110":"finitura-vr13-fr","111":"finitura-vr32-fr","112":"finitura-vr33-fr","113":"maniglia-amsterdam-fr","114":"maniglia-blade-fr","115":"maniglia-carree","116":"maniglia-dallas-mini-fr","117":"maniglia-dublin-fr","118":"maniglia-fenix-fr","119":"maniglia-futura-fr","120":"maniglia-holiday-fr","121":"maniglia-los-angeles-mini-fr","122":"maniglia-poignees-port-e-s-coulissantes","123":"maniglia-poignees-portes-battantes","124":"maniglia-ronde","125":"maniglia-sky-fr","126":"maniglia-tokyo-fr","127":"maniglia-toulon-l-fr","128":"maniglia-toulon-mini-fr","130":"first","131":"instock","132":"shipping-taxable","133":"product-type-simple"},"acf":[],"yoast_head":"<!-- This site is optimized with the Yoast SEO plugin v23.9 - https:\/\/yoast.com\/wordpress\/plugins\/seo\/ -->\n<title>Porte Luce LV20 coulissante en applique M\u00e9l\u00e8ze antique avec verre satin bronze | DoorArreda<\/title>\n<meta name=\"robots\" content=\"index, follow, max-snippet:-1, max-image-preview:large, max-video-preview:-1\" \/>\n<link rel=\"canonical\" href=\"https:\/\/www.doorarreda.it\/fr\/collections\/luce-fr\/porte-luce-lv20-coulissante-en-applique-meleze-antique-avec-verre-satin-bronze\/\" \/>\n<meta property=\"og:locale\" content=\"fr_FR\" \/>\n<meta property=\"og:type\" content=\"article\" \/>\n<meta property=\"og:title\" content=\"Porte Luce LV20 coulissante en applique M\u00e9l\u00e8ze antique avec verre satin bronze | DoorArreda\" \/>\n<meta property=\"og:description\" content=\"Porte Luce LV20 coulissante en applique M\u00e9l\u00e8ze antique avec verre satin bronze\" \/>\n<meta property=\"og:url\" content=\"https:\/\/www.doorarreda.it\/fr\/collections\/luce-fr\/porte-luce-lv20-coulissante-en-applique-meleze-antique-avec-verre-satin-bronze\/\" \/>\n<meta property=\"og:site_name\" content=\"DoorArreda\" \/>\n<meta property=\"article:modified_time\" content=\"2020-10-23T10:28:04+00:00\" \/>\n<meta property=\"og:image\" content=\"https:\/\/www.doorarreda.it\/wp-content\/uploads\/2018\/10\/Porta-Luce-LV20-scorrevole-esterna_Porta-Luce-larice-antico.jpg\" \/>\n\t<meta property=\"og:image:width\" content=\"1500\" \/>\n\t<meta property=\"og:image:height\" content=\"1500\" \/>\n\t<meta property=\"og:image:type\" content=\"image\/jpeg\" \/>\n<meta name=\"twitter:card\" content=\"summary_large_image\" \/>\n<script type=\"application\/ld+json\" class=\"yoast-schema-graph\">{\"@context\":\"https:\/\/schema.org\",\"@graph\":[{\"@type\":\"WebPage\",\"@id\":\"https:\/\/www.doorarreda.it\/fr\/collections\/luce-fr\/porte-luce-lv20-coulissante-en-applique-meleze-antique-avec-verre-satin-bronze\/\",\"url\":\"https:\/\/www.doorarreda.it\/fr\/collections\/luce-fr\/porte-luce-lv20-coulissante-en-applique-meleze-antique-avec-verre-satin-bronze\/\",\"name\":\"Porte Luce LV20 coulissante en applique M\u00e9l\u00e8ze antique avec verre satin bronze | DoorArreda\",\"isPartOf\":{\"@id\":\"https:\/\/doorarreda.it.encom.io\/#website\"},\"primaryImageOfPage\":{\"@id\":\"https:\/\/www.doorarreda.it\/fr\/collections\/luce-fr\/porte-luce-lv20-coulissante-en-applique-meleze-antique-avec-verre-satin-bronze\/#primaryimage\"},\"image\":{\"@id\":\"https:\/\/www.doorarreda.it\/fr\/collections\/luce-fr\/porte-luce-lv20-coulissante-en-applique-meleze-antique-avec-verre-satin-bronze\/#primaryimage\"},\"thumbnailUrl\":\"https:\/\/www.doorarreda.it\/wp-content\/uploads\/2018\/10\/Porta-Luce-LV20-scorrevole-esterna_Porta-Luce-larice-antico.jpg\",\"datePublished\":\"2018-11-03T07:51:25+00:00\",\"dateModified\":\"2020-10-23T10:28:04+00:00\",\"breadcrumb\":{\"@id\":\"https:\/\/www.doorarreda.it\/fr\/collections\/luce-fr\/porte-luce-lv20-coulissante-en-applique-meleze-antique-avec-verre-satin-bronze\/#breadcrumb\"},\"inLanguage\":\"fr-FR\",\"potentialAction\":[{\"@type\":\"ReadAction\",\"target\":[\"https:\/\/www.doorarreda.it\/fr\/collections\/luce-fr\/porte-luce-lv20-coulissante-en-applique-meleze-antique-avec-verre-satin-bronze\/\"]}]},{\"@type\":\"ImageObject\",\"inLanguage\":\"fr-FR\",\"@id\":\"https:\/\/www.doorarreda.it\/fr\/collections\/luce-fr\/porte-luce-lv20-coulissante-en-applique-meleze-antique-avec-verre-satin-bronze\/#primaryimage\",\"url\":\"https:\/\/www.doorarreda.it\/wp-content\/uploads\/2018\/10\/Porta-Luce-LV20-scorrevole-esterna_Porta-Luce-larice-antico.jpg\",\"contentUrl\":\"https:\/\/www.doorarreda.it\/wp-content\/uploads\/2018\/10\/Porta-Luce-LV20-scorrevole-esterna_Porta-Luce-larice-antico.jpg\",\"width\":1500,\"height\":1500},{\"@type\":\"BreadcrumbList\",\"@id\":\"https:\/\/www.doorarreda.it\/fr\/collections\/luce-fr\/porte-luce-lv20-coulissante-en-applique-meleze-antique-avec-verre-satin-bronze\/#breadcrumb\",\"itemListElement\":[{\"@type\":\"ListItem\",\"position\":1,\"name\":\"Home\",\"item\":\"https:\/\/www.doorarreda.it\/fr\/\"},{\"@type\":\"ListItem\",\"position\":2,\"name\":\"Produits\",\"item\":\"https:\/\/www.doorarreda.it\/fr\/shop\/\"},{\"@type\":\"ListItem\",\"position\":3,\"name\":\"Porte Luce LV20 coulissante en applique M\u00e9l\u00e8ze antique avec verre satin bronze\"}]},{\"@type\":\"WebSite\",\"@id\":\"https:\/\/doorarreda.it.encom.io\/#website\",\"url\":\"https:\/\/doorarreda.it.encom.io\/\",\"name\":\"DoorArreda\",\"description\":\"Italian doors for living\",\"publisher\":{\"@id\":\"https:\/\/doorarreda.it.encom.io\/#organization\"},\"potentialAction\":[{\"@type\":\"SearchAction\",\"target\":{\"@type\":\"EntryPoint\",\"urlTemplate\":\"https:\/\/doorarreda.it.encom.io\/?s={search_term_string}\"},\"query-input\":{\"@type\":\"PropertyValueSpecification\",\"valueRequired\":true,\"valueName\":\"search_term_string\"}}],\"inLanguage\":\"fr-FR\"},{\"@type\":\"Organization\",\"@id\":\"https:\/\/doorarreda.it.encom.io\/#organization\",\"name\":\"DoorArreda\",\"url\":\"https:\/\/doorarreda.it.encom.io\/\",\"logo\":{\"@type\":\"ImageObject\",\"inLanguage\":\"fr-FR\",\"@id\":\"https:\/\/doorarreda.it.encom.io\/#\/schema\/logo\/image\/\",\"url\":\"https:\/\/www.doorarreda.it\/wp-content\/uploads\/2018\/09\/doorarreda_logo.png\",\"contentUrl\":\"https:\/\/www.doorarreda.it\/wp-content\/uploads\/2018\/09\/doorarreda_logo.png\",\"width\":800,\"height\":114,\"caption\":\"DoorArreda\"},\"image\":{\"@id\":\"https:\/\/doorarreda.it.encom.io\/#\/schema\/logo\/image\/\"},\"sameAs\":[\"https:\/\/www.instagram.com\/doorarreda\/\",\"https:\/\/it.linkedin.com\/company\/doorarreda-s.r.l.\",\"https:\/\/www.youtube.com\/channel\/UCSXzztyQ7IfekV8nfq0dElg\"]}]}<\/script>\n<!-- \/ Yoast SEO plugin. -->","yoast_head_json":{"title":"Porte Luce LV20 coulissante en applique M\u00e9l\u00e8ze antique avec verre satin bronze | DoorArreda","robots":{"index":"index","follow":"follow","max-snippet":"max-snippet:-1","max-image-preview":"max-image-preview:large","max-video-preview":"max-video-preview:-1"},"canonical":"https:\/\/www.doorarreda.it\/fr\/collections\/luce-fr\/porte-luce-lv20-coulissante-en-applique-meleze-antique-avec-verre-satin-bronze\/","og_locale":"fr_FR","og_type":"article","og_title":"Porte Luce LV20 coulissante en applique M\u00e9l\u00e8ze antique avec verre satin bronze | DoorArreda","og_description":"Porte Luce LV20 coulissante en applique M\u00e9l\u00e8ze antique avec verre satin bronze","og_url":"https:\/\/www.doorarreda.it\/fr\/collections\/luce-fr\/porte-luce-lv20-coulissante-en-applique-meleze-antique-avec-verre-satin-bronze\/","og_site_name":"DoorArreda","article_modified_time":"2020-10-23T10:28:04+00:00","og_image":[{"width":1500,"height":1500,"url":"https:\/\/www.doorarreda.it\/wp-content\/uploads\/2018\/10\/Porta-Luce-LV20-scorrevole-esterna_Porta-Luce-larice-antico.jpg","type":"image\/jpeg"}],"twitter_card":"summary_large_image","schema":{"@context":"https:\/\/schema.org","@graph":[{"@type":"WebPage","@id":"https:\/\/www.doorarreda.it\/fr\/collections\/luce-fr\/porte-luce-lv20-coulissante-en-applique-meleze-antique-avec-verre-satin-bronze\/","url":"https:\/\/www.doorarreda.it\/fr\/collections\/luce-fr\/porte-luce-lv20-coulissante-en-applique-meleze-antique-avec-verre-satin-bronze\/","name":"Porte Luce LV20 coulissante en applique M\u00e9l\u00e8ze antique avec verre satin bronze | DoorArreda","isPartOf":{"@id":"https:\/\/doorarreda.it.encom.io\/#website"},"primaryImageOfPage":{"@id":"https:\/\/www.doorarreda.it\/fr\/collections\/luce-fr\/porte-luce-lv20-coulissante-en-applique-meleze-antique-avec-verre-satin-bronze\/#primaryimage"},"image":{"@id":"https:\/\/www.doorarreda.it\/fr\/collections\/luce-fr\/porte-luce-lv20-coulissante-en-applique-meleze-antique-avec-verre-satin-bronze\/#primaryimage"},"thumbnailUrl":"https:\/\/www.doorarreda.it\/wp-content\/uploads\/2018\/10\/Porta-Luce-LV20-scorrevole-esterna_Porta-Luce-larice-antico.jpg","datePublished":"2018-11-03T07:51:25+00:00","dateModified":"2020-10-23T10:28:04+00:00","breadcrumb":{"@id":"https:\/\/www.doorarreda.it\/fr\/collections\/luce-fr\/porte-luce-lv20-coulissante-en-applique-meleze-antique-avec-verre-satin-bronze\/#breadcrumb"},"inLanguage":"fr-FR","potentialAction":[{"@type":"ReadAction","target":["https:\/\/www.doorarreda.it\/fr\/collections\/luce-fr\/porte-luce-lv20-coulissante-en-applique-meleze-antique-avec-verre-satin-bronze\/"]}]},{"@type":"ImageObject","inLanguage":"fr-FR","@id":"https:\/\/www.doorarreda.it\/fr\/collections\/luce-fr\/porte-luce-lv20-coulissante-en-applique-meleze-antique-avec-verre-satin-bronze\/#primaryimage","url":"https:\/\/www.doorarreda.it\/wp-content\/uploads\/2018\/10\/Porta-Luce-LV20-scorrevole-esterna_Porta-Luce-larice-antico.jpg","contentUrl":"https:\/\/www.doorarreda.it\/wp-content\/uploads\/2018\/10\/Porta-Luce-LV20-scorrevole-esterna_Porta-Luce-larice-antico.jpg","width":1500,"height":1500},{"@type":"BreadcrumbList","@id":"https:\/\/www.doorarreda.it\/fr\/collections\/luce-fr\/porte-luce-lv20-coulissante-en-applique-meleze-antique-avec-verre-satin-bronze\/#breadcrumb","itemListElement":[{"@type":"ListItem","position":1,"name":"Home","item":"https:\/\/www.doorarreda.it\/fr\/"},{"@type":"ListItem","position":2,"name":"Produits","item":"https:\/\/www.doorarreda.it\/fr\/shop\/"},{"@type":"ListItem","position":3,"name":"Porte Luce LV20 coulissante en applique M\u00e9l\u00e8ze antique avec verre satin bronze"}]},{"@type":"WebSite","@id":"https:\/\/doorarreda.it.encom.io\/#website","url":"https:\/\/doorarreda.it.encom.io\/","name":"DoorArreda","description":"Italian doors for living","publisher":{"@id":"https:\/\/doorarreda.it.encom.io\/#organization"},"potentialAction":[{"@type":"SearchAction","target":{"@type":"EntryPoint","urlTemplate":"https:\/\/doorarreda.it.encom.io\/?s={search_term_string}"},"query-input":{"@type":"PropertyValueSpecification","valueRequired":true,"valueName":"search_term_string"}}],"inLanguage":"fr-FR"},{"@type":"Organization","@id":"https:\/\/doorarreda.it.encom.io\/#organization","name":"DoorArreda","url":"https:\/\/doorarreda.it.encom.io\/","logo":{"@type":"ImageObject","inLanguage":"fr-FR","@id":"https:\/\/doorarreda.it.encom.io\/#\/schema\/logo\/image\/","url":"https:\/\/www.doorarreda.it\/wp-content\/uploads\/2018\/09\/doorarreda_logo.png","contentUrl":"https:\/\/www.doorarreda.it\/wp-content\/uploads\/2018\/09\/doorarreda_logo.png","width":800,"height":114,"caption":"DoorArreda"},"image":{"@id":"https:\/\/doorarreda.it.encom.io\/#\/schema\/logo\/image\/"},"sameAs":["https:\/\/www.instagram.com\/doorarreda\/","https:\/\/it.linkedin.com\/company\/doorarreda-s.r.l.","https:\/\/www.youtube.com\/channel\/UCSXzztyQ7IfekV8nfq0dElg"]}]}},"_links":{"self":[{"href":"https:\/\/www.doorarreda.it\/fr\/wp-json\/wp\/v2\/product\/10970","targetHints":{"allow":["GET"]}}],"collection":[{"href":"https:\/\/www.doorarreda.it\/fr\/wp-json\/wp\/v2\/product"}],"about":[{"href":"https:\/\/www.doorarreda.it\/fr\/wp-json\/wp\/v2\/types\/product"}],"wp:featuredmedia":[{"embeddable":true,"href":"https:\/\/www.doorarreda.it\/fr\/wp-json\/wp\/v2\/media\/4987"}],"wp:attachment":[{"href":"https:\/\/www.doorarreda.it\/fr\/wp-json\/wp\/v2\/media?parent=10970"}],"wp:term":[{"taxonomy":"product_brand","embeddable":true,"href":"https:\/\/www.doorarreda.it\/fr\/wp-json\/wp\/v2\/product_brand?post=10970"},{"taxonomy":"product_cat","embeddable":true,"href":"https:\/\/www.doorarreda.it\/fr\/wp-json\/wp\/v2\/product_cat?post=10970"},{"taxonomy":"product_tag","embeddable":true,"href":"https:\/\/www.doorarreda.it\/fr\/wp-json\/wp\/v2\/product_tag?post=10970"}],"curies":[{"name":"wp","href":"https:\/\/api.w.org\/{rel}","templated":true}]}}