{"id":10566,"date":"2020-09-30T08:43:54","date_gmt":"2020-09-30T08:43:54","guid":{"rendered":"https:\/\/www.doorarreda.it\/porte-intonacabili\/"},"modified":"2020-10-22T13:58:47","modified_gmt":"2020-10-22T13:58:47","slug":"portes-platrables","status":"publish","type":"page","link":"https:\/\/www.doorarreda.it\/fr\/portes-platrables\/","title":{"rendered":"Portes pl\u00e2trables"},"content":{"rendered":"<p>[vc_row full_width=\u00a0\u00bbstretch_row_content_no_spaces\u00a0\u00bb full_height=\u00a0\u00bbyes\u00a0\u00bb css=\u00a0\u00bb.vc_custom_1601456944192{background-image: url(https:\/\/www.doorarreda.it\/wp-content\/uploads\/2020\/09\/portascompare-e1599664279761.jpg?id=9463) !important;background-position: center !important;background-repeat: no-repeat !important;background-size: cover !important;}\u00a0\u00bb][vc_column][\/vc_column][\/vc_row][vc_row][vc_column]<div class=\"qodef-section-title-holder page__title  qodef-st-enable-text-separator qodef-st-text-available qodef-st-position-center\" >\n\t<div class=\"qodef-st-inner\">\n\t\t\t\t\t<h1 class=\"qodef-st-title\" >\n\t\t\t\tPORTES PL\u00c2TRABLES\t\t\t<\/h1>\n\t\t\t\t<div class=\"qodef-st-text-holder clearfix\" style=\"margin-bottom: 50px\">\n\t\t\t\t\t\t\t<span class=\"qodef-st-separator\"><\/span>\n\t\t\t\t\t\t\t\t\t\t<p class=\"qodef-st-text\" >\n\t\t\t\t\tInvisible par vocation, \u00e9l\u00e9ments d'ameublement par choix cr\u00e9atif. Variations infinies d'interaction entre les syst\u00e8mes d'ouverture \u00e0 fleur de mur et les murs. La possibilit\u00e9 de int\u00e9grer parfaitement les couleurs et les mati\u00e8res ouvre de nouveaux projets, sans limites d'imagination.\t\t\t\t<\/p>\n\t\t\t\t\t<\/div>\n\t\t\t<\/div>\n<\/div>[\/vc_column][\/vc_row][vc_row css=\u00a0\u00bb.vc_custom_1601457429633{padding-bottom: 60px !important;}\u00a0\u00bb][vc_column]<div class=\"qodef-image-gallery  qodef-ig-grid-type qodef-normal-space  \">\n\t<div class=\"qodef-ig-inner qodef-outer-space qodef-ig-grid qodef-ig-two-columns\">\n\t\t\t\t\t<div class=\"qodef-ig-image qodef-item-space\">\n\t\t\t\t<div class=\"qodef-ig-image-inner\">\n\t\t\t\t\t\t\t\t\t\t\t<img loading=\"lazy\" decoding=\"async\" width=\"850\" height=\"1125\" src=\"https:\/\/www.doorarreda.it\/wp-content\/uploads\/2020\/09\/intonacabilisx.jpg\" class=\"attachment-full size-full\" alt=\"\" srcset=\"https:\/\/www.doorarreda.it\/wp-content\/uploads\/2020\/09\/intonacabilisx.jpg 850w, https:\/\/www.doorarreda.it\/wp-content\/uploads\/2020\/09\/intonacabilisx-227x300.jpg 227w, https:\/\/www.doorarreda.it\/wp-content\/uploads\/2020\/09\/intonacabilisx-768x1016.jpg 768w, https:\/\/www.doorarreda.it\/wp-content\/uploads\/2020\/09\/intonacabilisx-774x1024.jpg 774w, https:\/\/www.doorarreda.it\/wp-content\/uploads\/2020\/09\/intonacabilisx-300x397.jpg 300w, https:\/\/www.doorarreda.it\/wp-content\/uploads\/2020\/09\/intonacabilisx-600x794.jpg 600w\" sizes=\"auto, (max-width: 850px) 100vw, 850px\" \/>\t\t\t\t\t\t\t\t\t<\/div>\n\t\t\t<\/div>\n\t\t\t\t\t<div class=\"qodef-ig-image qodef-item-space\">\n\t\t\t\t<div class=\"qodef-ig-image-inner\">\n\t\t\t\t\t\t\t\t\t\t\t<img loading=\"lazy\" decoding=\"async\" width=\"850\" height=\"1125\" src=\"https:\/\/www.doorarreda.it\/wp-content\/uploads\/2020\/09\/intonacabilidx.jpg\" class=\"attachment-full size-full\" alt=\"\" srcset=\"https:\/\/www.doorarreda.it\/wp-content\/uploads\/2020\/09\/intonacabilidx.jpg 850w, https:\/\/www.doorarreda.it\/wp-content\/uploads\/2020\/09\/intonacabilidx-227x300.jpg 227w, https:\/\/www.doorarreda.it\/wp-content\/uploads\/2020\/09\/intonacabilidx-768x1016.jpg 768w, https:\/\/www.doorarreda.it\/wp-content\/uploads\/2020\/09\/intonacabilidx-774x1024.jpg 774w, https:\/\/www.doorarreda.it\/wp-content\/uploads\/2020\/09\/intonacabilidx-300x397.jpg 300w, https:\/\/www.doorarreda.it\/wp-content\/uploads\/2020\/09\/intonacabilidx-600x794.jpg 600w\" sizes=\"auto, (max-width: 850px) 100vw, 850px\" \/>\t\t\t\t\t\t\t\t\t<\/div>\n\t\t\t<\/div>\n\t\t\t<\/div>\n<\/div>[\/vc_column][\/vc_row]<\/p>\n","protected":false},"excerpt":{"rendered":"<p>[vc_row full_width=\u00a0\u00bbstretch_row_content_no_spaces\u00a0\u00bb full_height=\u00a0\u00bbyes\u00a0\u00bb css=\u00a0\u00bb.vc_custom_1601456944192{background-image: url(https:\/\/www.doorarreda.it\/wp-content\/uploads\/2020\/09\/portascompare-e1599664279761.jpg?id=9463) !important;background-position: center !important;background-repeat: no-repeat !important;background-size: cover !important;}\u00a0\u00bb][vc_column][\/vc_column][\/vc_row][vc_row][vc_column][\/vc_column][\/vc_row][vc_row css=\u00a0\u00bb.vc_custom_1601457429633{padding-bottom: 60px !important;}\u00a0\u00bb][vc_column][\/vc_column][\/vc_row]<\/p>\n","protected":false},"author":3,"featured_media":0,"parent":0,"menu_order":0,"comment_status":"closed","ping_status":"closed","template":"","meta":{"_acf_changed":false,"inline_featured_image":false,"footnotes":""},"class_list":["post-10566","page","type-page","status-publish","hentry"],"acf":[],"yoast_head":"<!-- This site is optimized with the Yoast SEO plugin v23.9 - https:\/\/yoast.com\/wordpress\/plugins\/seo\/ -->\n<title>Portes pl\u00e2trables | DoorArreda<\/title>\n<meta name=\"robots\" content=\"index, follow, max-snippet:-1, max-image-preview:large, max-video-preview:-1\" \/>\n<link rel=\"canonical\" href=\"https:\/\/www.doorarreda.it\/fr\/portes-platrables\/\" \/>\n<meta property=\"og:locale\" content=\"fr_FR\" \/>\n<meta property=\"og:type\" content=\"article\" \/>\n<meta property=\"og:title\" content=\"Portes pl\u00e2trables | DoorArreda\" \/>\n<meta property=\"og:description\" content=\"[vc_row full_width=\u00a0\u00bbstretch_row_content_no_spaces\u00a0\u00bb full_height=\u00a0\u00bbyes\u00a0\u00bb css=\u00a0\u00bb.vc_custom_1601456944192{background-image: url(https:\/\/www.doorarreda.it\/wp-content\/uploads\/2020\/09\/portascompare-e1599664279761.jpg?id=9463) !important;background-position: center !important;background-repeat: no-repeat !important;background-size: cover !important;}\u00a0\u00bb][vc_column][\/vc_column][\/vc_row][vc_row][vc_column][\/vc_column][\/vc_row][vc_row css=\u00a0\u00bb.vc_custom_1601457429633{padding-bottom: 60px !important;}\u00a0\u00bb][vc_column][\/vc_column][\/vc_row]\" \/>\n<meta property=\"og:url\" content=\"https:\/\/www.doorarreda.it\/fr\/portes-platrables\/\" \/>\n<meta property=\"og:site_name\" content=\"DoorArreda\" \/>\n<meta property=\"article:modified_time\" content=\"2020-10-22T13:58:47+00:00\" \/>\n<meta name=\"twitter:card\" content=\"summary_large_image\" \/>\n<meta name=\"twitter:label1\" content=\"Dur\u00e9e de lecture estim\u00e9e\" \/>\n\t<meta name=\"twitter:data1\" content=\"1 minute\" \/>\n<script type=\"application\/ld+json\" class=\"yoast-schema-graph\">{\"@context\":\"https:\/\/schema.org\",\"@graph\":[{\"@type\":\"WebPage\",\"@id\":\"https:\/\/www.doorarreda.it\/fr\/portes-platrables\/\",\"url\":\"https:\/\/www.doorarreda.it\/fr\/portes-platrables\/\",\"name\":\"Portes pl\u00e2trables | DoorArreda\",\"isPartOf\":{\"@id\":\"https:\/\/doorarreda.it.encom.io\/#website\"},\"datePublished\":\"2020-09-30T08:43:54+00:00\",\"dateModified\":\"2020-10-22T13:58:47+00:00\",\"breadcrumb\":{\"@id\":\"https:\/\/www.doorarreda.it\/fr\/portes-platrables\/#breadcrumb\"},\"inLanguage\":\"fr-FR\",\"potentialAction\":[{\"@type\":\"ReadAction\",\"target\":[\"https:\/\/www.doorarreda.it\/fr\/portes-platrables\/\"]}]},{\"@type\":\"BreadcrumbList\",\"@id\":\"https:\/\/www.doorarreda.it\/fr\/portes-platrables\/#breadcrumb\",\"itemListElement\":[{\"@type\":\"ListItem\",\"position\":1,\"name\":\"Home\",\"item\":\"https:\/\/www.doorarreda.it\/fr\/\"},{\"@type\":\"ListItem\",\"position\":2,\"name\":\"Portes pl\u00e2trables\"}]},{\"@type\":\"WebSite\",\"@id\":\"https:\/\/doorarreda.it.encom.io\/#website\",\"url\":\"https:\/\/doorarreda.it.encom.io\/\",\"name\":\"DoorArreda\",\"description\":\"Italian doors for living\",\"publisher\":{\"@id\":\"https:\/\/doorarreda.it.encom.io\/#organization\"},\"potentialAction\":[{\"@type\":\"SearchAction\",\"target\":{\"@type\":\"EntryPoint\",\"urlTemplate\":\"https:\/\/doorarreda.it.encom.io\/?s={search_term_string}\"},\"query-input\":{\"@type\":\"PropertyValueSpecification\",\"valueRequired\":true,\"valueName\":\"search_term_string\"}}],\"inLanguage\":\"fr-FR\"},{\"@type\":\"Organization\",\"@id\":\"https:\/\/doorarreda.it.encom.io\/#organization\",\"name\":\"DoorArreda\",\"url\":\"https:\/\/doorarreda.it.encom.io\/\",\"logo\":{\"@type\":\"ImageObject\",\"inLanguage\":\"fr-FR\",\"@id\":\"https:\/\/doorarreda.it.encom.io\/#\/schema\/logo\/image\/\",\"url\":\"https:\/\/www.doorarreda.it\/wp-content\/uploads\/2018\/09\/doorarreda_logo.png\",\"contentUrl\":\"https:\/\/www.doorarreda.it\/wp-content\/uploads\/2018\/09\/doorarreda_logo.png\",\"width\":800,\"height\":114,\"caption\":\"DoorArreda\"},\"image\":{\"@id\":\"https:\/\/doorarreda.it.encom.io\/#\/schema\/logo\/image\/\"},\"sameAs\":[\"https:\/\/www.instagram.com\/doorarreda\/\",\"https:\/\/it.linkedin.com\/company\/doorarreda-s.r.l.\",\"https:\/\/www.youtube.com\/channel\/UCSXzztyQ7IfekV8nfq0dElg\"]}]}<\/script>\n<!-- \/ Yoast SEO plugin. -->","yoast_head_json":{"title":"Portes pl\u00e2trables | DoorArreda","robots":{"index":"index","follow":"follow","max-snippet":"max-snippet:-1","max-image-preview":"max-image-preview:large","max-video-preview":"max-video-preview:-1"},"canonical":"https:\/\/www.doorarreda.it\/fr\/portes-platrables\/","og_locale":"fr_FR","og_type":"article","og_title":"Portes pl\u00e2trables | DoorArreda","og_description":"[vc_row full_width=\u00a0\u00bbstretch_row_content_no_spaces\u00a0\u00bb full_height=\u00a0\u00bbyes\u00a0\u00bb css=\u00a0\u00bb.vc_custom_1601456944192{background-image: url(https:\/\/www.doorarreda.it\/wp-content\/uploads\/2020\/09\/portascompare-e1599664279761.jpg?id=9463) !important;background-position: center !important;background-repeat: no-repeat !important;background-size: cover !important;}\u00a0\u00bb][vc_column][\/vc_column][\/vc_row][vc_row][vc_column][\/vc_column][\/vc_row][vc_row css=\u00a0\u00bb.vc_custom_1601457429633{padding-bottom: 60px !important;}\u00a0\u00bb][vc_column][\/vc_column][\/vc_row]","og_url":"https:\/\/www.doorarreda.it\/fr\/portes-platrables\/","og_site_name":"DoorArreda","article_modified_time":"2020-10-22T13:58:47+00:00","twitter_card":"summary_large_image","twitter_misc":{"Dur\u00e9e de lecture estim\u00e9e":"1 minute"},"schema":{"@context":"https:\/\/schema.org","@graph":[{"@type":"WebPage","@id":"https:\/\/www.doorarreda.it\/fr\/portes-platrables\/","url":"https:\/\/www.doorarreda.it\/fr\/portes-platrables\/","name":"Portes pl\u00e2trables | DoorArreda","isPartOf":{"@id":"https:\/\/doorarreda.it.encom.io\/#website"},"datePublished":"2020-09-30T08:43:54+00:00","dateModified":"2020-10-22T13:58:47+00:00","breadcrumb":{"@id":"https:\/\/www.doorarreda.it\/fr\/portes-platrables\/#breadcrumb"},"inLanguage":"fr-FR","potentialAction":[{"@type":"ReadAction","target":["https:\/\/www.doorarreda.it\/fr\/portes-platrables\/"]}]},{"@type":"BreadcrumbList","@id":"https:\/\/www.doorarreda.it\/fr\/portes-platrables\/#breadcrumb","itemListElement":[{"@type":"ListItem","position":1,"name":"Home","item":"https:\/\/www.doorarreda.it\/fr\/"},{"@type":"ListItem","position":2,"name":"Portes pl\u00e2trables"}]},{"@type":"WebSite","@id":"https:\/\/doorarreda.it.encom.io\/#website","url":"https:\/\/doorarreda.it.encom.io\/","name":"DoorArreda","description":"Italian doors for living","publisher":{"@id":"https:\/\/doorarreda.it.encom.io\/#organization"},"potentialAction":[{"@type":"SearchAction","target":{"@type":"EntryPoint","urlTemplate":"https:\/\/doorarreda.it.encom.io\/?s={search_term_string}"},"query-input":{"@type":"PropertyValueSpecification","valueRequired":true,"valueName":"search_term_string"}}],"inLanguage":"fr-FR"},{"@type":"Organization","@id":"https:\/\/doorarreda.it.encom.io\/#organization","name":"DoorArreda","url":"https:\/\/doorarreda.it.encom.io\/","logo":{"@type":"ImageObject","inLanguage":"fr-FR","@id":"https:\/\/doorarreda.it.encom.io\/#\/schema\/logo\/image\/","url":"https:\/\/www.doorarreda.it\/wp-content\/uploads\/2018\/09\/doorarreda_logo.png","contentUrl":"https:\/\/www.doorarreda.it\/wp-content\/uploads\/2018\/09\/doorarreda_logo.png","width":800,"height":114,"caption":"DoorArreda"},"image":{"@id":"https:\/\/doorarreda.it.encom.io\/#\/schema\/logo\/image\/"},"sameAs":["https:\/\/www.instagram.com\/doorarreda\/","https:\/\/it.linkedin.com\/company\/doorarreda-s.r.l.","https:\/\/www.youtube.com\/channel\/UCSXzztyQ7IfekV8nfq0dElg"]}]}},"_links":{"self":[{"href":"https:\/\/www.doorarreda.it\/fr\/wp-json\/wp\/v2\/pages\/10566","targetHints":{"allow":["GET"]}}],"collection":[{"href":"https:\/\/www.doorarreda.it\/fr\/wp-json\/wp\/v2\/pages"}],"about":[{"href":"https:\/\/www.doorarreda.it\/fr\/wp-json\/wp\/v2\/types\/page"}],"author":[{"embeddable":true,"href":"https:\/\/www.doorarreda.it\/fr\/wp-json\/wp\/v2\/users\/3"}],"replies":[{"embeddable":true,"href":"https:\/\/www.doorarreda.it\/fr\/wp-json\/wp\/v2\/comments?post=10566"}],"version-history":[{"count":2,"href":"https:\/\/www.doorarreda.it\/fr\/wp-json\/wp\/v2\/pages\/10566\/revisions"}],"predecessor-version":[{"id":10568,"href":"https:\/\/www.doorarreda.it\/fr\/wp-json\/wp\/v2\/pages\/10566\/revisions\/10568"}],"wp:attachment":[{"href":"https:\/\/www.doorarreda.it\/fr\/wp-json\/wp\/v2\/media?parent=10566"}],"curies":[{"name":"wp","href":"https:\/\/api.w.org\/{rel}","templated":true}]}}